{"id":2259,"date":"2023-07-13T13:14:16","date_gmt":"2023-07-13T13:14:16","guid":{"rendered":"https:\/\/inhetarchief.be\/?page_id=2259"},"modified":"2025-11-25T20:01:38","modified_gmt":"2025-11-25T20:01:38","slug":"wijnwinkel-het-archief-adbibendum","status":"publish","type":"page","link":"https:\/\/inhetarchief.be\/en\/wijnwinkel-het-archief-adbibendum\/","title":{"rendered":"wine shop-the-archive-adbibendum"},"content":{"rendered":"<p>[et_pb_section fb_built=&#8221;1&#8243; _builder_version=&#8221;4.19.4&#8243; _module_preset=&#8221;default&#8221; global_colors_info=&#8221;{}&#8221;][et_pb_row _builder_version=&#8221;4.19.4&#8243; _module_preset=&#8221;default&#8221; global_colors_info=&#8221;{}&#8221;][et_pb_column type=&#8221;4_4&#8243; _builder_version=&#8221;4.19.4&#8243; _module_preset=&#8221;default&#8221; global_colors_info=&#8221;{}&#8221;][et_pb_text _builder_version=&#8221;4.19.4&#8243; _module_preset=&#8221;default&#8221; text_font=&#8221;ARCHIEF||||||||&#8221; text_font_size=&#8221;18px&#8221; text_line_height=&#8221;1.5em&#8221; global_colors_info=&#8221;{}&#8221;]<\/p>\n<h1>WIJNWINKEL ADBIBENDUM<\/h1>\n<p>In HET ARCHIEF kunt u niet alleen uitgelezen wijnen van AdBibendum degusteren maar ook aankopen om thuis of bij vrienden te drinken.<br \/><img decoding=\"async\" data-src=\"https:\/\/inhetarchief.be\/wp-content\/uploads\/2022\/12\/best-winebar-of-antwerp-00020.png\" alt=\"\" class=\"wp-image-2262 alignleft size-full lazyload\" width=\"500\" height=\"354\" data-srcset=\"https:\/\/inhetarchief.be\/wp-content\/uploads\/2022\/12\/best-winebar-of-antwerp-00020.png 500w, https:\/\/inhetarchief.be\/wp-content\/uploads\/2022\/12\/best-winebar-of-antwerp-00020-480x340.png 480w\" data-sizes=\"(min-width: 0px) and (max-width: 480px) 480px, (min-width: 481px) 500px, 100vw\" src=\"data:image\/svg+xml;base64,PHN2ZyB3aWR0aD0iMSIgaGVpZ2h0PSIxIiB4bWxucz0iaHR0cDovL3d3dy53My5vcmcvMjAwMC9zdmciPjwvc3ZnPg==\" style=\"--smush-placeholder-width: 500px; --smush-placeholder-aspect-ratio: 500\/354;\" \/><br \/>Passie van de wijngaard tot in uw glas<\/p>\n<p>Vanuit hun liefde voor het vak, de mensen en wat ze zonder meer als een godendrank omschrijven, gaat Bj\u00f6rn Monard van Adbibendum samen met zijn team enthousiaster dan ooit over de hele wereld voor u op zoek naar de mooiste wijnen.<\/p>\n<p>Laat ons drinken. Dat is de vrije vertaling van ad Bibendum. Maar niet om het even wat uiteraard. Gelukkig zijn er voorproevers met vaten ervaring die graag hun kennis met u delen zodat u de lekkerste flessen op maat van elke gelegenheid ontkurkt. Want wijn staat nu \u00e9\u00e9nmaal voor beleving, genot en plezier. Al van in 1997 verlaten Johan en Bj\u00f6rn Monard de platgetreden paden en speuren ze wereldwijd naar wijnmakers die door hun nooit aflatende inzet wijnen met karakter, spanning en emotie produceren. Sinds september 2021 zet Bj\u00f6rn hun levenswerk alleen verder. Johan geniet verder van het mooie leven in Spanje.<\/p>\n<p><img decoding=\"async\" data-src=\"https:\/\/inhetarchief.be\/wp-content\/uploads\/2022\/12\/het-archief-2009-225x300.jpeg\" alt=\"\" class=\"wp-image-2179 alignleft size-medium lazyload\" width=\"225\" height=\"300\" data-srcset=\"https:\/\/inhetarchief.be\/wp-content\/uploads\/2022\/12\/het-archief-2009-225x300.jpeg 225w, https:\/\/inhetarchief.be\/wp-content\/uploads\/2022\/12\/het-archief-2009-768x1024.jpeg 768w, https:\/\/inhetarchief.be\/wp-content\/uploads\/2022\/12\/het-archief-2009-1152x1536.jpeg 1152w, https:\/\/inhetarchief.be\/wp-content\/uploads\/2022\/12\/het-archief-2009-scaled.jpeg 1536w, https:\/\/inhetarchief.be\/wp-content\/uploads\/2022\/12\/het-archief-2009-9x12.jpeg 9w, https:\/\/inhetarchief.be\/wp-content\/uploads\/2022\/12\/het-archief-2009-1080x1440.jpeg 1080w, https:\/\/inhetarchief.be\/wp-content\/uploads\/2022\/12\/het-archief-2009-1280x1707.jpeg 1280w, https:\/\/inhetarchief.be\/wp-content\/uploads\/2022\/12\/het-archief-2009-980x1307.jpeg 980w, https:\/\/inhetarchief.be\/wp-content\/uploads\/2022\/12\/het-archief-2009-480x640.jpeg 480w\" data-sizes=\"(max-width: 225px) 100vw, 225px\" src=\"data:image\/svg+xml;base64,PHN2ZyB3aWR0aD0iMSIgaGVpZ2h0PSIxIiB4bWxucz0iaHR0cDovL3d3dy53My5vcmcvMjAwMC9zdmciPjwvc3ZnPg==\" style=\"--smush-placeholder-width: 225px; --smush-placeholder-aspect-ratio: 225\/300;\" \/><\/p>\n<p>Naar de bron<\/p>\n<p>Bij die zoektocht werken ze rechtstreeks met de wijnboer. \u201cWe bezoeken hun wijngaarden, bestuderen de c\u00e9pages, luisteren naar elkaar, proeven en tafelen. Smaken, aroma\u2019s en het huwelijk tussen wijn en spijs vormen daarbij het gespreksonderwerp. De vriendschappelijke band die zo ontstaat, brengt ons op het spoor van de nieuwe en verfijnde wijnen die u van ons gewend bent\u201d, zegt Johan. De kenners van ad Bibendum focussen daarbij op kleinere wijnhuizen. Bj\u00f6rn: \u201c Wij zoeken het kleiner, fijner, persoonlijker en authentieker. Daarom geven we wel eens de voorkeur aan minder bekende, autochtone druivensoorten. Vandaag is er niemand die de kwaliteit van zorgvuldig geselecteerde wereldwijnen nog in twijfel trekt.\u201d<\/p>\n<p><img decoding=\"async\" data-src=\"https:\/\/inhetarchief.be\/wp-content\/uploads\/2022\/12\/het-archief-2010-225x300.jpeg\" alt=\"\" class=\"wp-image-2178 alignright size-medium lazyload\" width=\"225\" height=\"300\" data-srcset=\"https:\/\/inhetarchief.be\/wp-content\/uploads\/2022\/12\/het-archief-2010-225x300.jpeg 225w, https:\/\/inhetarchief.be\/wp-content\/uploads\/2022\/12\/het-archief-2010-768x1024.jpeg 768w, https:\/\/inhetarchief.be\/wp-content\/uploads\/2022\/12\/het-archief-2010-1152x1536.jpeg 1152w, https:\/\/inhetarchief.be\/wp-content\/uploads\/2022\/12\/het-archief-2010-scaled.jpeg 1536w, https:\/\/inhetarchief.be\/wp-content\/uploads\/2022\/12\/het-archief-2010-9x12.jpeg 9w, https:\/\/inhetarchief.be\/wp-content\/uploads\/2022\/12\/het-archief-2010-1080x1440.jpeg 1080w, https:\/\/inhetarchief.be\/wp-content\/uploads\/2022\/12\/het-archief-2010-1280x1707.jpeg 1280w, https:\/\/inhetarchief.be\/wp-content\/uploads\/2022\/12\/het-archief-2010-980x1307.jpeg 980w, https:\/\/inhetarchief.be\/wp-content\/uploads\/2022\/12\/het-archief-2010-480x640.jpeg 480w\" data-sizes=\"(max-width: 225px) 100vw, 225px\" src=\"data:image\/svg+xml;base64,PHN2ZyB3aWR0aD0iMSIgaGVpZ2h0PSIxIiB4bWxucz0iaHR0cDovL3d3dy53My5vcmcvMjAwMC9zdmciPjwvc3ZnPg==\" style=\"--smush-placeholder-width: 225px; --smush-placeholder-aspect-ratio: 225\/300;\" \/>Die jarenlange expertise proeft u doorheen het volledige assortiment. Zo telt ad Bibendum ondertussen maar liefst 1.200 referenties, waarvoor het als exclusieve verdeler in de Benelux optreedt. \u201cWe importeren wijnen uit 16 landen, van Latijns-Amerika tot Oostenrijk, van Australi\u00eb en Nieuw-Zeeland tot Portugal, van Zuid-Afrika tot Spanje en de VS, zonder de uitgebreide collectie klassieke Franse wijnen te vergeten\u201d, stipt Johan aan. \u201cEr komen elk jaar nieuwe wijnen bij. Andere vallen dan weer weg omdat de kwaliteit niet meer aan onze normen voldoet of wanneer de wijnboer keuzes maakt waarin wij ons niet kunnen vinden\u201d, voegt Bj\u00f6rn toe.<\/p>\n<p><img decoding=\"async\" data-src=\"https:\/\/inhetarchief.be\/wp-content\/uploads\/2022\/12\/img_3502_jpg-1-1-768x1024.jpeg\" alt=\"\" class=\"wp-image-2035 aligncenter size-large lazyload\" width=\"768\" height=\"1024\" src=\"data:image\/svg+xml;base64,PHN2ZyB3aWR0aD0iMSIgaGVpZ2h0PSIxIiB4bWxucz0iaHR0cDovL3d3dy53My5vcmcvMjAwMC9zdmciPjwvc3ZnPg==\" style=\"--smush-placeholder-width: 768px; --smush-placeholder-aspect-ratio: 768\/1024;\" \/><\/p>\n<p>[\/et_pb_text][et_pb_code _builder_version=&#8221;4.27.4&#8243; _module_preset=&#8221;default&#8221; hover_enabled=&#8221;0&#8243; global_colors_info=&#8221;{}&#8221; sticky_enabled=&#8221;0&#8243;]<script><!-- [et_pb_line_break_holder] -->(function(){if(!window.chatbase||window.chatbase(\"getState\")!==\"initialized\"){window.chatbase=(...arguments)=>{if(!window.chatbase.q){window.chatbase.q=[]}window.chatbase.q.push(arguments)};window.chatbase=new Proxy(window.chatbase,{get(target,prop){if(prop===\"q\"){return target.q}return(...args)=>target(prop,...args)}})}const onLoad=function(){const script=document.createElement(\"script\");script.src=\"https:\/\/www.chatbase.co\/embed.min.js\";script.id=\"LBuPNdynkCRvPKCrhFeOE\";script.domain=\"www.chatbase.co\";document.body.appendChild(script)};if(document.readyState===\"complete\"){onLoad()}else{window.addEventListener(\"load\",onLoad)}})();<!-- [et_pb_line_break_holder] --><\/script>[\/et_pb_code][\/et_pb_column][\/et_pb_row][\/et_pb_section]<\/p>\n","protected":false},"excerpt":{"rendered":"<p>WIJNWINKEL ADBIBENDUM In HET ARCHIEF kunt u niet alleen uitgelezen wijnen van AdBibendum degusteren maar ook aankopen om thuis of bij vrienden te drinken.Passie van de wijngaard tot in uw glas Vanuit hun liefde voor het vak, de mensen en wat ze zonder meer als een godendrank omschrijven, gaat Bj\u00f6rn Monard van Adbibendum samen met [&hellip;]<\/p>\n","protected":false},"author":1,"featured_media":0,"parent":0,"menu_order":0,"comment_status":"closed","ping_status":"closed","template":"","meta":{"_et_pb_use_builder":"on","_et_pb_old_content":"","_et_gb_content_width":"","_monsterinsights_skip_tracking":false,"_monsterinsights_sitenote_active":false,"_monsterinsights_sitenote_note":"","_monsterinsights_sitenote_category":0,"footnotes":""},"class_list":["post-2259","page","type-page","status-publish","hentry"],"aioseo_notices":[],"_links":{"self":[{"href":"https:\/\/inhetarchief.be\/en\/wp-json\/wp\/v2\/pages\/2259","targetHints":{"allow":["GET"]}}],"collection":[{"href":"https:\/\/inhetarchief.be\/en\/wp-json\/wp\/v2\/pages"}],"about":[{"href":"https:\/\/inhetarchief.be\/en\/wp-json\/wp\/v2\/types\/page"}],"author":[{"embeddable":true,"href":"https:\/\/inhetarchief.be\/en\/wp-json\/wp\/v2\/users\/1"}],"replies":[{"embeddable":true,"href":"https:\/\/inhetarchief.be\/en\/wp-json\/wp\/v2\/comments?post=2259"}],"version-history":[{"count":9,"href":"https:\/\/inhetarchief.be\/en\/wp-json\/wp\/v2\/pages\/2259\/revisions"}],"predecessor-version":[{"id":3256,"href":"https:\/\/inhetarchief.be\/en\/wp-json\/wp\/v2\/pages\/2259\/revisions\/3256"}],"wp:attachment":[{"href":"https:\/\/inhetarchief.be\/en\/wp-json\/wp\/v2\/media?parent=2259"}],"curies":[{"name":"wp","href":"https:\/\/api.w.org\/{rel}","templated":true}]}}